{"id":32896,"date":"2025-04-25T13:32:37","date_gmt":"2025-04-25T16:32:37","guid":{"rendered":"https:\/\/precominimo.com.br\/index.php\/produto\/kit-cesta-basica-especial-01-47-itens\/"},"modified":"2026-02-20T14:14:36","modified_gmt":"2026-02-20T17:14:36","slug":"kit-cesta-basica-especial-01-47-itens","status":"publish","type":"product","link":"https:\/\/precominimo.com.br\/index.php\/produto\/kit-cesta-basica-especial-01-47-itens\/","title":{"rendered":"KIT CESTA B\u00c1SICA &#8211; ESPECIAL 01 &#8211; 47 \u00cdTENS"},"content":{"rendered":"<p>KIT CESTA B\u00c1SICA &#8211; ESPECIAL 01 (CONT\u00c9M 47 \u00cdTENS):<\/p>\n<p>*** AS MARCAS QUE CONTEMPLAM O KIT S\u00c3O VARIADAS<\/p>\n<p>\u00a0<\/p>\n<p>Achocolatado em P\u00f3<span style=\"white-space: pre\"> <\/span>1<\/p>\n<p>A\u00e7\u00facar Refinado<span style=\"white-space: pre\"> <\/span>4<\/p>\n<p>Amaciante para roupas 200ml (Fragr\u00e2ncias)<span style=\"white-space: pre\"> <\/span>1<\/p>\n<p>Arroz Agulhinha Tipo 1<span style=\"white-space: pre\"> <\/span>2<\/p>\n<p>Biscoito Cream Cracker<span style=\"white-space: pre\"> <\/span>1<\/p>\n<p>Biscoito Recheado (Sabores)<span style=\"white-space: pre\"> <\/span>2<\/p>\n<p>Caf\u00e9 Torrado e Mo\u00eddo 500g<span style=\"white-space: pre\"> <\/span>1<\/p>\n<p>Creme de Leite<span style=\"white-space: pre\"> <\/span>2<\/p>\n<p>Creme Dental<span style=\"white-space: pre\"> <\/span>1<\/p>\n<p>Desinfetante 2litros (Fragr\u00e2ncias)<span style=\"white-space: pre\"> <\/span>1<\/p>\n<p>Detergente L\u00edquido<span style=\"white-space: pre\"> <\/span>1<\/p>\n<p>Ervilha em Conserva<span style=\"white-space: pre\"> <\/span>1<\/p>\n<p>Farinha de Trigo<span style=\"white-space: pre\"> <\/span>1<\/p>\n<p>Farofa de Mandioca pronta<span style=\"white-space: pre\"> <\/span>1<\/p>\n<p>Feij\u00e3o Carioca Tipo 1<span style=\"white-space: pre\"> <\/span>4<\/p>\n<p>Fub\u00e1 Mimoso<span style=\"white-space: pre\"> <\/span>1<\/p>\n<p>Leite em P\u00f3 Integral<span style=\"white-space: pre\"> <\/span>1<\/p>\n<p>Macarr\u00e3o com Ovos &#8211; Espaguete<span style=\"white-space: pre\"> <\/span>1<\/p>\n<p>Macarr\u00e3o com Ovos &#8211; Parafuso<span style=\"white-space: pre\"> <\/span>1<\/p>\n<p>Milho em Conserva<span style=\"white-space: pre\"> <\/span>1<\/p>\n<p>Mistura para Bolo (Sabores)<span style=\"white-space: pre\"> <\/span>1<\/p>\n<p>Molho de tomate 300g<span style=\"white-space: pre\"> <\/span>3<\/p>\n<p>\u00d3leo de Soja<span style=\"white-space: pre\"> <\/span>3<\/p>\n<p>Papel Higi\u00eanico 4X30<span style=\"white-space: pre\"> <\/span>1<\/p>\n<p>P\u00f3 para Gelatina (Sabores)<span style=\"white-space: pre\"> <\/span>3<\/p>\n<p>Polpa de Tomate 200g<span style=\"white-space: pre\"> <\/span>1<\/p>\n<p>Sabonete (Fragr\u00e2ncias)<span style=\"white-space: pre\"> <\/span>3<\/p>\n<p>Sal Refinado<span style=\"white-space: pre\"> <\/span>1<\/p>\n<p>Sardinha<span style=\"white-space: pre\"> <\/span>1<\/p>\n<p>Tempero Completo<span style=\"white-space: pre\"> <\/span>1<\/p>\n","protected":false},"excerpt":{"rendered":"<p>KIT CESTA B\u00c1SICA &#8211; ESPECIAL 01 (CONT\u00c9M 47 \u00cdTENS):<\/p>\n<p>*** AS MARCAS QUE CONTEMPLAM O KIT S\u00c3O VARIADAS<\/p>\n<p>\u00a0<\/p>\n<p>Achocolatado em P\u00f3<span style=\"white-space: pre\"> <\/span>1<\/p>\n<p>A\u00e7\u00facar Refinado<span style=\"white-space: pre\"> <\/span>4<\/p>\n<p>Amaciante para roupas 200ml (Fragr\u00e2ncias)<span style=\"white-space: pre\"> <\/span>1<\/p>\n<p>Arroz Agulhinha Tipo 1<span style=\"white-space: pre\"> <\/span>2<\/p>\n<p>Biscoito Cream Cracker<span style=\"white-space: pre\"> <\/span>1<\/p>\n<p>Biscoito Recheado (Sabores)<span style=\"white-space: pre\"> <\/span>2<\/p>\n<p>Caf\u00e9 Torrado e Mo\u00eddo 500g<span style=\"white-space: pre\"> <\/span>1<\/p>\n<p>Creme de Leite<span style=\"white-space: pre\"> <\/span>2<\/p>\n<p>Creme Dental<span style=\"white-space: pre\"> <\/span>1<\/p>\n<p>Desinfetante 2litros (Fragr\u00e2ncias)<span style=\"white-space: pre\"> <\/span>1<\/p>\n<p>Detergente L\u00edquido<span style=\"white-space: pre\"> <\/span>1<\/p>\n<p>Ervilha em Conserva<span style=\"white-space: pre\"> <\/span>1<\/p>\n<p>Farinha de Trigo<span style=\"white-space: pre\"> <\/span>1<\/p>\n<p>Farofa de Mandioca pronta<span style=\"white-space: pre\"> <\/span>1<\/p>\n<p>Feij\u00e3o Carioca Tipo 1<span style=\"white-space: pre\"> <\/span>4<\/p>\n<p>Fub\u00e1 Mimoso<span style=\"white-space: pre\"> <\/span>1<\/p>\n<p>Leite em P\u00f3 Integral<span style=\"white-space: pre\"> <\/span>1<\/p>\n<p>Macarr\u00e3o com Ovos &#8211; Espaguete<span style=\"white-space: pre\"> <\/span>1<\/p>\n<p>Macarr\u00e3o com Ovos &#8211; Parafuso<span style=\"white-space: pre\"> <\/span>1<\/p>\n<p>Milho em Conserva<span style=\"white-space: pre\"> <\/span>1<\/p>\n<p>Mistura para Bolo (Sabores)<span style=\"white-space: pre\"> <\/span>1<\/p>\n<p>Molho de tomate 300g<span style=\"white-space: pre\"> <\/span>3<\/p>\n<p>\u00d3leo de Soja<span style=\"white-space: pre\"> <\/span>3<\/p>\n<p>Papel Higi\u00eanico 4X30<span style=\"white-space: pre\"> <\/span>1<\/p>\n<p>P\u00f3 para Gelatina (Sabores)<span style=\"white-space: pre\"> <\/span>3<\/p>\n<p>Polpa de Tomate 200g<span style=\"white-space: pre\"> <\/span>1<\/p>\n<p>Sabonete (Fragr\u00e2ncias)<span style=\"white-space: pre\"> <\/span>3<\/p>\n<p>Sal Refinado<span style=\"white-space: pre\"> <\/span>1<\/p>\n<p>Sardinha<span style=\"white-space: pre\"> <\/span>1<\/p>\n<p>Tempero Completo<span style=\"white-space: pre\"> <\/span>1<\/p>\n","protected":false},"featured_media":32895,"template":"","meta":{"_eb_attr":"","_uag_custom_page_level_css":"","site-sidebar-layout":"default","site-content-layout":"","ast-site-content-layout":"default","site-content-style":"default","site-sidebar-style":"default","ast-global-header-display":"","ast-banner-title-visibility":"","ast-main-header-display":"","ast-hfb-above-header-display":"","ast-hfb-below-header-display":"","ast-hfb-mobile-header-display":"","site-post-title":"","ast-breadcrumbs-content":"","ast-featured-img":"","footer-sml-layout":"","ast-disable-related-posts":"","theme-transparent-header-meta":"","adv-header-id-meta":"","stick-header-meta":"","header-above-stick-meta":"","header-main-stick-meta":"","header-below-stick-meta":"","astra-migrate-meta-layouts":"default","ast-page-background-enabled":"default","ast-page-background-meta":{"desktop":{"background-color":"var(--ast-global-color-4)","background-image":"","background-repeat":"repeat","background-position":"center center","background-size":"auto","background-attachment":"scroll","background-type":"","background-media":"","overlay-type":"","overlay-color":"","overlay-opacity":"","overlay-gradient":""},"tablet":{"background-color":"","background-image":"","background-repeat":"repeat","background-position":"center center","background-size":"auto","background-attachment":"scroll","background-type":"","background-media":"","overlay-type":"","overlay-color":"","overlay-opacity":"","overlay-gradient":""},"mobile":{"background-color":"","background-image":"","background-repeat":"repeat","background-position":"center center","background-size":"auto","background-attachment":"scroll","background-type":"","background-media":"","overlay-type":"","overlay-color":"","overlay-opacity":"","overlay-gradient":""}},"ast-content-background-meta":{"desktop":{"background-color":"var(--ast-global-color-5)","background-image":"","background-repeat":"repeat","background-position":"center center","background-size":"auto","background-attachment":"scroll","background-type":"","background-media":"","overlay-type":"","overlay-color":"","overlay-opacity":"","overlay-gradient":""},"tablet":{"background-color":"var(--ast-global-color-5)","background-image":"","background-repeat":"repeat","background-position":"center center","background-size":"auto","background-attachment":"scroll","background-type":"","background-media":"","overlay-type":"","overlay-color":"","overlay-opacity":"","overlay-gradient":""},"mobile":{"background-color":"var(--ast-global-color-5)","background-image":"","background-repeat":"repeat","background-position":"center center","background-size":"auto","background-attachment":"scroll","background-type":"","background-media":"","overlay-type":"","overlay-color":"","overlay-opacity":"","overlay-gradient":""}},"_joinchat":[],"jetpack_publicize_message":"","jetpack_publicize_feature_enabled":true,"jetpack_social_post_already_shared":true,"jetpack_social_options":{"image_generator_settings":{"template":"highway","default_image_id":0,"font":"","enabled":false},"version":2}},"product_brand":[1291],"product_cat":[885,1128],"product_tag":[],"class_list":{"0":"post-32896","1":"product","2":"type-product","3":"status-publish","4":"has-post-thumbnail","6":"product_brand-hpm","7":"product_cat-kits-promocionais","8":"product_cat-cestas-essenciais","9":"product_shipping_class-m01","10":"desktop-align-center","11":"tablet-align-left","12":"mobile-align-center","14":"first","15":"instock","16":"shipping-taxable","17":"purchasable","18":"product-type-simple"},"jetpack_publicize_connections":[],"uagb_featured_image_src":{"full":["https:\/\/precominimo.com.br\/wp-content\/uploads\/2025\/04\/101202.jpeg",1080,1080,false],"thumbnail":["https:\/\/precominimo.com.br\/wp-content\/uploads\/2025\/04\/101202-150x150.jpeg",150,150,true],"medium":["https:\/\/precominimo.com.br\/wp-content\/uploads\/2025\/04\/101202-300x300.jpeg",300,300,true],"medium_large":["https:\/\/precominimo.com.br\/wp-content\/uploads\/2025\/04\/101202-768x768.jpeg",768,768,true],"large":["https:\/\/precominimo.com.br\/wp-content\/uploads\/2025\/04\/101202-1024x1024.jpeg",1024,1024,true],"1536x1536":["https:\/\/precominimo.com.br\/wp-content\/uploads\/2025\/04\/101202.jpeg",1080,1080,false],"2048x2048":["https:\/\/precominimo.com.br\/wp-content\/uploads\/2025\/04\/101202.jpeg",1080,1080,false],"gamipress-points":["https:\/\/precominimo.com.br\/wp-content\/uploads\/2025\/04\/101202-50x50.jpeg",50,50,true],"gamipress-achievement":["https:\/\/precominimo.com.br\/wp-content\/uploads\/2025\/04\/101202-100x100.jpeg",100,100,true],"gamipress-rank":["https:\/\/precominimo.com.br\/wp-content\/uploads\/2025\/04\/101202-100x100.jpeg",100,100,true],"woocommerce_thumbnail":["https:\/\/precominimo.com.br\/wp-content\/uploads\/2025\/04\/101202-300x300.jpeg",300,300,true],"woocommerce_single":["https:\/\/precominimo.com.br\/wp-content\/uploads\/2025\/04\/101202-600x600.jpeg",600,600,true],"woocommerce_gallery_thumbnail":["https:\/\/precominimo.com.br\/wp-content\/uploads\/2025\/04\/101202-100x100.jpeg",100,100,true],"dgwt-wcas-product-suggestion":["https:\/\/precominimo.com.br\/wp-content\/uploads\/2025\/04\/101202-64x64.jpeg",64,64,true]},"uagb_author_info":{"display_name":"prod_admin","author_link":"https:\/\/precominimo.com.br\/index.php\/author\/"},"uagb_comment_info":0,"uagb_excerpt":"KIT CESTA B\u00c1SICA - ESPECIAL 01 (CONT\u00c9M 47 \u00cdTENS): *** AS MARCAS QUE CONTEMPLAM O KIT S\u00c3O VARIADAS \u00a0 Achocolatado em P\u00f3 1 A\u00e7\u00facar Refinado 4 Amaciante para roupas 200ml (Fragr\u00e2ncias) 1 Arroz Agulhinha Tipo 1 2 Biscoito Cream Cracker 1 Biscoito Recheado (Sabores) 2 Caf\u00e9 Torrado e Mo\u00eddo 500g 1 Creme de Leite 2&hellip;","jetpack_sharing_enabled":true,"_links":{"self":[{"href":"https:\/\/precominimo.com.br\/index.php\/wp-json\/wp\/v2\/product\/32896","targetHints":{"allow":["GET"]}}],"collection":[{"href":"https:\/\/precominimo.com.br\/index.php\/wp-json\/wp\/v2\/product"}],"about":[{"href":"https:\/\/precominimo.com.br\/index.php\/wp-json\/wp\/v2\/types\/product"}],"wp:featuredmedia":[{"embeddable":true,"href":"https:\/\/precominimo.com.br\/index.php\/wp-json\/wp\/v2\/media\/32895"}],"wp:attachment":[{"href":"https:\/\/precominimo.com.br\/index.php\/wp-json\/wp\/v2\/media?parent=32896"}],"wp:term":[{"taxonomy":"product_brand","embeddable":true,"href":"https:\/\/precominimo.com.br\/index.php\/wp-json\/wp\/v2\/product_brand?post=32896"},{"taxonomy":"product_cat","embeddable":true,"href":"https:\/\/precominimo.com.br\/index.php\/wp-json\/wp\/v2\/product_cat?post=32896"},{"taxonomy":"product_tag","embeddable":true,"href":"https:\/\/precominimo.com.br\/index.php\/wp-json\/wp\/v2\/product_tag?post=32896"}],"curies":[{"name":"wp","href":"https:\/\/api.w.org\/{rel}","templated":true}]}}